{"id":7,"date":"2021-04-06T09:17:36","date_gmt":"2021-04-06T07:17:36","guid":{"rendered":"https:\/\/www.prolympia.se\/sundsvall\/?page_id=7"},"modified":"2026-01-08T11:27:47","modified_gmt":"2026-01-08T10:27:47","slug":"om-skolan","status":"publish","type":"page","link":"https:\/\/www.prolympia.se\/sundsvall\/om-skolan\/","title":{"rendered":"Om skolan"},"content":{"rendered":"","protected":false},"excerpt":{"rendered":"","protected":false},"author":1,"featured_media":0,"parent":0,"menu_order":0,"comment_status":"closed","ping_status":"closed","template":"templates\/template-sub-om-skolan.php","meta":{"_acf_changed":false,"footnotes":""},"class_list":["post-7","page","type-page","status-publish","hentry"],"acf":[],"yoast_head":"<!-- This site is optimized with the Yoast SEO plugin v26.8 - https:\/\/yoast.com\/product\/yoast-seo-wordpress\/ -->\n<title>Om skolan - Prolympia - Sundsvall<\/title>\n<meta name=\"description\" content=\"Prolympia \u00e4r landets ledande idrottsskola och v\u00e5r skola i Sundsvall erbjuder de allra b\u00e4sta f\u00f6ruts\u00e4ttningarna f\u00f6r en lyckad skolg\u00e5ng.\" \/>\n<meta name=\"robots\" content=\"index, follow, max-snippet:-1, max-image-preview:large, max-video-preview:-1\" \/>\n<link rel=\"canonical\" href=\"https:\/\/www.prolympia.se\/sundsvall\/om-skolan\/\" \/>\n<meta property=\"og:locale\" content=\"sv_SE\" \/>\n<meta property=\"og:type\" content=\"article\" \/>\n<meta property=\"og:title\" content=\"Om skolan - Prolympia - Sundsvall\" \/>\n<meta property=\"og:description\" content=\"Prolympia \u00e4r landets ledande idrottsskola och v\u00e5r skola i Sundsvall erbjuder de allra b\u00e4sta f\u00f6ruts\u00e4ttningarna f\u00f6r en lyckad skolg\u00e5ng.\" \/>\n<meta property=\"og:url\" content=\"https:\/\/www.prolympia.se\/sundsvall\/om-skolan\/\" \/>\n<meta property=\"og:site_name\" content=\"Prolympia - Sundsvall\" \/>\n<meta property=\"article:modified_time\" content=\"2026-01-08T10:27:47+00:00\" \/>\n<meta name=\"twitter:card\" content=\"summary_large_image\" \/>\n<script type=\"application\/ld+json\" class=\"yoast-schema-graph\">{\"@context\":\"https:\/\/schema.org\",\"@graph\":[{\"@type\":\"WebPage\",\"@id\":\"https:\/\/www.prolympia.se\/sundsvall\/om-skolan\/\",\"url\":\"https:\/\/www.prolympia.se\/sundsvall\/om-skolan\/\",\"name\":\"Om skolan - Prolympia - Sundsvall\",\"isPartOf\":{\"@id\":\"https:\/\/www.prolympia.se\/sundsvall\/#website\"},\"datePublished\":\"2021-04-06T07:17:36+00:00\",\"dateModified\":\"2026-01-08T10:27:47+00:00\",\"description\":\"Prolympia \u00e4r landets ledande idrottsskola och v\u00e5r skola i Sundsvall erbjuder de allra b\u00e4sta f\u00f6ruts\u00e4ttningarna f\u00f6r en lyckad skolg\u00e5ng.\",\"breadcrumb\":{\"@id\":\"https:\/\/www.prolympia.se\/sundsvall\/om-skolan\/#breadcrumb\"},\"inLanguage\":\"sv-SE\",\"potentialAction\":[{\"@type\":\"ReadAction\",\"target\":[\"https:\/\/www.prolympia.se\/sundsvall\/om-skolan\/\"]}]},{\"@type\":\"BreadcrumbList\",\"@id\":\"https:\/\/www.prolympia.se\/sundsvall\/om-skolan\/#breadcrumb\",\"itemListElement\":[{\"@type\":\"ListItem\",\"position\":1,\"name\":\"Hem\",\"item\":\"https:\/\/www.prolympia.se\/sundsvall\/\"},{\"@type\":\"ListItem\",\"position\":2,\"name\":\"Om skolan\"}]},{\"@type\":\"WebSite\",\"@id\":\"https:\/\/www.prolympia.se\/sundsvall\/#website\",\"url\":\"https:\/\/www.prolympia.se\/sundsvall\/\",\"name\":\"Prolympia - Sundsvall\",\"description\":\"Sveriges ledande idrottsskola\",\"publisher\":{\"@id\":\"https:\/\/www.prolympia.se\/sundsvall\/#organization\"},\"potentialAction\":[{\"@type\":\"SearchAction\",\"target\":{\"@type\":\"EntryPoint\",\"urlTemplate\":\"https:\/\/www.prolympia.se\/sundsvall\/?s={search_term_string}\"},\"query-input\":{\"@type\":\"PropertyValueSpecification\",\"valueRequired\":true,\"valueName\":\"search_term_string\"}}],\"inLanguage\":\"sv-SE\"},{\"@type\":\"Organization\",\"@id\":\"https:\/\/www.prolympia.se\/sundsvall\/#organization\",\"name\":\"Prolympia\",\"url\":\"https:\/\/www.prolympia.se\/sundsvall\/\",\"logo\":{\"@type\":\"ImageObject\",\"inLanguage\":\"sv-SE\",\"@id\":\"https:\/\/www.prolympia.se\/sundsvall\/#\/schema\/logo\/image\/\",\"url\":\"https:\/\/www.prolympia.se\/sundsvall\/wp-content\/uploads\/sites\/6\/2021\/04\/icon-prolympia.png\",\"contentUrl\":\"https:\/\/www.prolympia.se\/sundsvall\/wp-content\/uploads\/sites\/6\/2021\/04\/icon-prolympia.png\",\"width\":512,\"height\":512,\"caption\":\"Prolympia\"},\"image\":{\"@id\":\"https:\/\/www.prolympia.se\/sundsvall\/#\/schema\/logo\/image\/\"}}]}<\/script>\n<!-- \/ Yoast SEO plugin. -->","yoast_head_json":{"title":"Om skolan - Prolympia - Sundsvall","description":"Prolympia \u00e4r landets ledande idrottsskola och v\u00e5r skola i Sundsvall erbjuder de allra b\u00e4sta f\u00f6ruts\u00e4ttningarna f\u00f6r en lyckad skolg\u00e5ng.","robots":{"index":"index","follow":"follow","max-snippet":"max-snippet:-1","max-image-preview":"max-image-preview:large","max-video-preview":"max-video-preview:-1"},"canonical":"https:\/\/www.prolympia.se\/sundsvall\/om-skolan\/","og_locale":"sv_SE","og_type":"article","og_title":"Om skolan - Prolympia - Sundsvall","og_description":"Prolympia \u00e4r landets ledande idrottsskola och v\u00e5r skola i Sundsvall erbjuder de allra b\u00e4sta f\u00f6ruts\u00e4ttningarna f\u00f6r en lyckad skolg\u00e5ng.","og_url":"https:\/\/www.prolympia.se\/sundsvall\/om-skolan\/","og_site_name":"Prolympia - Sundsvall","article_modified_time":"2026-01-08T10:27:47+00:00","twitter_card":"summary_large_image","schema":{"@context":"https:\/\/schema.org","@graph":[{"@type":"WebPage","@id":"https:\/\/www.prolympia.se\/sundsvall\/om-skolan\/","url":"https:\/\/www.prolympia.se\/sundsvall\/om-skolan\/","name":"Om skolan - Prolympia - Sundsvall","isPartOf":{"@id":"https:\/\/www.prolympia.se\/sundsvall\/#website"},"datePublished":"2021-04-06T07:17:36+00:00","dateModified":"2026-01-08T10:27:47+00:00","description":"Prolympia \u00e4r landets ledande idrottsskola och v\u00e5r skola i Sundsvall erbjuder de allra b\u00e4sta f\u00f6ruts\u00e4ttningarna f\u00f6r en lyckad skolg\u00e5ng.","breadcrumb":{"@id":"https:\/\/www.prolympia.se\/sundsvall\/om-skolan\/#breadcrumb"},"inLanguage":"sv-SE","potentialAction":[{"@type":"ReadAction","target":["https:\/\/www.prolympia.se\/sundsvall\/om-skolan\/"]}]},{"@type":"BreadcrumbList","@id":"https:\/\/www.prolympia.se\/sundsvall\/om-skolan\/#breadcrumb","itemListElement":[{"@type":"ListItem","position":1,"name":"Hem","item":"https:\/\/www.prolympia.se\/sundsvall\/"},{"@type":"ListItem","position":2,"name":"Om skolan"}]},{"@type":"WebSite","@id":"https:\/\/www.prolympia.se\/sundsvall\/#website","url":"https:\/\/www.prolympia.se\/sundsvall\/","name":"Prolympia - Sundsvall","description":"Sveriges ledande idrottsskola","publisher":{"@id":"https:\/\/www.prolympia.se\/sundsvall\/#organization"},"potentialAction":[{"@type":"SearchAction","target":{"@type":"EntryPoint","urlTemplate":"https:\/\/www.prolympia.se\/sundsvall\/?s={search_term_string}"},"query-input":{"@type":"PropertyValueSpecification","valueRequired":true,"valueName":"search_term_string"}}],"inLanguage":"sv-SE"},{"@type":"Organization","@id":"https:\/\/www.prolympia.se\/sundsvall\/#organization","name":"Prolympia","url":"https:\/\/www.prolympia.se\/sundsvall\/","logo":{"@type":"ImageObject","inLanguage":"sv-SE","@id":"https:\/\/www.prolympia.se\/sundsvall\/#\/schema\/logo\/image\/","url":"https:\/\/www.prolympia.se\/sundsvall\/wp-content\/uploads\/sites\/6\/2021\/04\/icon-prolympia.png","contentUrl":"https:\/\/www.prolympia.se\/sundsvall\/wp-content\/uploads\/sites\/6\/2021\/04\/icon-prolympia.png","width":512,"height":512,"caption":"Prolympia"},"image":{"@id":"https:\/\/www.prolympia.se\/sundsvall\/#\/schema\/logo\/image\/"}}]}},"_links":{"self":[{"href":"https:\/\/www.prolympia.se\/sundsvall\/wp-json\/wp\/v2\/pages\/7","targetHints":{"allow":["GET"]}}],"collection":[{"href":"https:\/\/www.prolympia.se\/sundsvall\/wp-json\/wp\/v2\/pages"}],"about":[{"href":"https:\/\/www.prolympia.se\/sundsvall\/wp-json\/wp\/v2\/types\/page"}],"author":[{"embeddable":true,"href":"https:\/\/www.prolympia.se\/sundsvall\/wp-json\/wp\/v2\/users\/1"}],"replies":[{"embeddable":true,"href":"https:\/\/www.prolympia.se\/sundsvall\/wp-json\/wp\/v2\/comments?post=7"}],"version-history":[{"count":31,"href":"https:\/\/www.prolympia.se\/sundsvall\/wp-json\/wp\/v2\/pages\/7\/revisions"}],"predecessor-version":[{"id":19670,"href":"https:\/\/www.prolympia.se\/sundsvall\/wp-json\/wp\/v2\/pages\/7\/revisions\/19670"}],"wp:attachment":[{"href":"https:\/\/www.prolympia.se\/sundsvall\/wp-json\/wp\/v2\/media?parent=7"}],"curies":[{"name":"wp","href":"https:\/\/api.w.org\/{rel}","templated":true}]}}