{"id":16,"date":"2021-04-06T09:19:48","date_gmt":"2021-04-06T07:19:48","guid":{"rendered":"https:\/\/www.prolympia.se\/sundsvall\/?page_id=16"},"modified":"2021-04-07T15:23:15","modified_gmt":"2021-04-07T13:23:15","slug":"hall-of-fame","status":"publish","type":"page","link":"https:\/\/www.prolympia.se\/sundsvall\/hall-of-fame\/","title":{"rendered":"Hall of Fame"},"content":{"rendered":"","protected":false},"excerpt":{"rendered":"","protected":false},"author":1,"featured_media":0,"parent":0,"menu_order":0,"comment_status":"closed","ping_status":"closed","template":"templates\/template-hall-of-fame.php","meta":{"_acf_changed":false,"footnotes":""},"class_list":["post-16","page","type-page","status-publish","hentry"],"acf":[],"yoast_head":"<!-- This site is optimized with the Yoast SEO plugin v26.8 - https:\/\/yoast.com\/product\/yoast-seo-wordpress\/ -->\n<title>Hall of Fame - Prolympia - Sundsvall<\/title>\n<meta name=\"description\" content=\"Hall of Fame M\u00e5let med Prolympias verksamhet \u00e4r att skapa ett livsl\u00e5ngt idrottsintresse tillsammans med en god kunskapsutveckling. Genom \u00e5ren har vi ocks\u00e5 format m\u00e4ngder av framg\u00e5ngsrika elitidrottare. H\u00e4r \u00e4r v\u00e5r Hall of Fame!  Kriterier F\u00f6r att kvalificera dig till Prolympias Hall of Fame m\u00e5ste du ha uppn\u00e5tt minst en av f\u00f6ljande meriter:   Medverkat i en internationell t\u00e4vling (EM, VM eller OS).  Aktiv i minst en s\u00e4song inom seniorverksamhet p\u00e5 elitniv\u00e5 i din idrott.  Tagit medalj (individuellt eller i lag) i SM eller motsvarande internationell t\u00e4vling p\u00e5 flick-, pojk-, junior- eller seniorniv\u00e5.  Har en landskamp p\u00e5 flick-, pojk-, junior- eller seniorniv\u00e5.  Ledare eller coach f\u00f6r ett elitlag p\u00e5 seniorniv\u00e5.  Domare p\u00e5 elitniv\u00e5.\" \/>\n<meta name=\"robots\" content=\"index, follow, max-snippet:-1, max-image-preview:large, max-video-preview:-1\" \/>\n<link rel=\"canonical\" href=\"https:\/\/www.prolympia.se\/sundsvall\/hall-of-fame\/\" \/>\n<meta property=\"og:locale\" content=\"sv_SE\" \/>\n<meta property=\"og:type\" content=\"article\" \/>\n<meta property=\"og:title\" content=\"Hall of Fame - Prolympia - Sundsvall\" \/>\n<meta property=\"og:description\" content=\"Hall of Fame M\u00e5let med Prolympias verksamhet \u00e4r att skapa ett livsl\u00e5ngt idrottsintresse tillsammans med en god kunskapsutveckling. Genom \u00e5ren har vi ocks\u00e5 format m\u00e4ngder av framg\u00e5ngsrika elitidrottare. H\u00e4r \u00e4r v\u00e5r Hall of Fame!  Kriterier F\u00f6r att kvalificera dig till Prolympias Hall of Fame m\u00e5ste du ha uppn\u00e5tt minst en av f\u00f6ljande meriter:   Medverkat i en internationell t\u00e4vling (EM, VM eller OS).  Aktiv i minst en s\u00e4song inom seniorverksamhet p\u00e5 elitniv\u00e5 i din idrott.  Tagit medalj (individuellt eller i lag) i SM eller motsvarande internationell t\u00e4vling p\u00e5 flick-, pojk-, junior- eller seniorniv\u00e5.  Har en landskamp p\u00e5 flick-, pojk-, junior- eller seniorniv\u00e5.  Ledare eller coach f\u00f6r ett elitlag p\u00e5 seniorniv\u00e5.  Domare p\u00e5 elitniv\u00e5.\" \/>\n<meta property=\"og:url\" content=\"https:\/\/www.prolympia.se\/sundsvall\/hall-of-fame\/\" \/>\n<meta property=\"og:site_name\" content=\"Prolympia - Sundsvall\" \/>\n<meta property=\"article:modified_time\" content=\"2021-04-07T13:23:15+00:00\" \/>\n<meta name=\"twitter:card\" content=\"summary_large_image\" \/>\n<script type=\"application\/ld+json\" class=\"yoast-schema-graph\">{\"@context\":\"https:\/\/schema.org\",\"@graph\":[{\"@type\":\"WebPage\",\"@id\":\"https:\/\/www.prolympia.se\/sundsvall\/hall-of-fame\/\",\"url\":\"https:\/\/www.prolympia.se\/sundsvall\/hall-of-fame\/\",\"name\":\"Hall of Fame - Prolympia - Sundsvall\",\"isPartOf\":{\"@id\":\"https:\/\/www.prolympia.se\/sundsvall\/#website\"},\"datePublished\":\"2021-04-06T07:19:48+00:00\",\"dateModified\":\"2021-04-07T13:23:15+00:00\",\"description\":\"Hall of Fame M\u00e5let med Prolympias verksamhet \u00e4r att skapa ett livsl\u00e5ngt idrottsintresse tillsammans med en god kunskapsutveckling. Genom \u00e5ren har vi ocks\u00e5 format m\u00e4ngder av framg\u00e5ngsrika elitidrottare. H\u00e4r \u00e4r v\u00e5r Hall of Fame! Kriterier F\u00f6r att kvalificera dig till Prolympias Hall of Fame m\u00e5ste du ha uppn\u00e5tt minst en av f\u00f6ljande meriter: \u2022 Medverkat i en internationell t\u00e4vling (EM, VM eller OS). \u2022 Aktiv i minst en s\u00e4song inom seniorverksamhet p\u00e5 elitniv\u00e5 i din idrott. \u2022 Tagit medalj (individuellt eller i lag) i SM eller motsvarande internationell t\u00e4vling p\u00e5 flick-, pojk-, junior- eller seniorniv\u00e5. \u2022 Har en landskamp p\u00e5 flick-, pojk-, junior- eller seniorniv\u00e5. \u2022 Ledare eller coach f\u00f6r ett elitlag p\u00e5 seniorniv\u00e5. \u2022 Domare p\u00e5 elitniv\u00e5.\",\"breadcrumb\":{\"@id\":\"https:\/\/www.prolympia.se\/sundsvall\/hall-of-fame\/#breadcrumb\"},\"inLanguage\":\"sv-SE\",\"potentialAction\":[{\"@type\":\"ReadAction\",\"target\":[\"https:\/\/www.prolympia.se\/sundsvall\/hall-of-fame\/\"]}]},{\"@type\":\"BreadcrumbList\",\"@id\":\"https:\/\/www.prolympia.se\/sundsvall\/hall-of-fame\/#breadcrumb\",\"itemListElement\":[{\"@type\":\"ListItem\",\"position\":1,\"name\":\"Hem\",\"item\":\"https:\/\/www.prolympia.se\/sundsvall\/\"},{\"@type\":\"ListItem\",\"position\":2,\"name\":\"Hall of Fame\"}]},{\"@type\":\"WebSite\",\"@id\":\"https:\/\/www.prolympia.se\/sundsvall\/#website\",\"url\":\"https:\/\/www.prolympia.se\/sundsvall\/\",\"name\":\"Prolympia - Sundsvall\",\"description\":\"Sveriges ledande idrottsskola\",\"publisher\":{\"@id\":\"https:\/\/www.prolympia.se\/sundsvall\/#organization\"},\"potentialAction\":[{\"@type\":\"SearchAction\",\"target\":{\"@type\":\"EntryPoint\",\"urlTemplate\":\"https:\/\/www.prolympia.se\/sundsvall\/?s={search_term_string}\"},\"query-input\":{\"@type\":\"PropertyValueSpecification\",\"valueRequired\":true,\"valueName\":\"search_term_string\"}}],\"inLanguage\":\"sv-SE\"},{\"@type\":\"Organization\",\"@id\":\"https:\/\/www.prolympia.se\/sundsvall\/#organization\",\"name\":\"Prolympia\",\"url\":\"https:\/\/www.prolympia.se\/sundsvall\/\",\"logo\":{\"@type\":\"ImageObject\",\"inLanguage\":\"sv-SE\",\"@id\":\"https:\/\/www.prolympia.se\/sundsvall\/#\/schema\/logo\/image\/\",\"url\":\"https:\/\/www.prolympia.se\/sundsvall\/wp-content\/uploads\/sites\/6\/2021\/04\/icon-prolympia.png\",\"contentUrl\":\"https:\/\/www.prolympia.se\/sundsvall\/wp-content\/uploads\/sites\/6\/2021\/04\/icon-prolympia.png\",\"width\":512,\"height\":512,\"caption\":\"Prolympia\"},\"image\":{\"@id\":\"https:\/\/www.prolympia.se\/sundsvall\/#\/schema\/logo\/image\/\"}}]}<\/script>\n<!-- \/ Yoast SEO plugin. -->","yoast_head_json":{"title":"Hall of Fame - Prolympia - Sundsvall","description":"Hall of Fame M\u00e5let med Prolympias verksamhet \u00e4r att skapa ett livsl\u00e5ngt idrottsintresse tillsammans med en god kunskapsutveckling. Genom \u00e5ren har vi ocks\u00e5 format m\u00e4ngder av framg\u00e5ngsrika elitidrottare. H\u00e4r \u00e4r v\u00e5r Hall of Fame!  Kriterier F\u00f6r att kvalificera dig till Prolympias Hall of Fame m\u00e5ste du ha uppn\u00e5tt minst en av f\u00f6ljande meriter:   Medverkat i en internationell t\u00e4vling (EM, VM eller OS).  Aktiv i minst en s\u00e4song inom seniorverksamhet p\u00e5 elitniv\u00e5 i din idrott.  Tagit medalj (individuellt eller i lag) i SM eller motsvarande internationell t\u00e4vling p\u00e5 flick-, pojk-, junior- eller seniorniv\u00e5.  Har en landskamp p\u00e5 flick-, pojk-, junior- eller seniorniv\u00e5.  Ledare eller coach f\u00f6r ett elitlag p\u00e5 seniorniv\u00e5.  Domare p\u00e5 elitniv\u00e5.","robots":{"index":"index","follow":"follow","max-snippet":"max-snippet:-1","max-image-preview":"max-image-preview:large","max-video-preview":"max-video-preview:-1"},"canonical":"https:\/\/www.prolympia.se\/sundsvall\/hall-of-fame\/","og_locale":"sv_SE","og_type":"article","og_title":"Hall of Fame - Prolympia - Sundsvall","og_description":"Hall of Fame M\u00e5let med Prolympias verksamhet \u00e4r att skapa ett livsl\u00e5ngt idrottsintresse tillsammans med en god kunskapsutveckling. Genom \u00e5ren har vi ocks\u00e5 format m\u00e4ngder av framg\u00e5ngsrika elitidrottare. H\u00e4r \u00e4r v\u00e5r Hall of Fame!  Kriterier F\u00f6r att kvalificera dig till Prolympias Hall of Fame m\u00e5ste du ha uppn\u00e5tt minst en av f\u00f6ljande meriter:   Medverkat i en internationell t\u00e4vling (EM, VM eller OS).  Aktiv i minst en s\u00e4song inom seniorverksamhet p\u00e5 elitniv\u00e5 i din idrott.  Tagit medalj (individuellt eller i lag) i SM eller motsvarande internationell t\u00e4vling p\u00e5 flick-, pojk-, junior- eller seniorniv\u00e5.  Har en landskamp p\u00e5 flick-, pojk-, junior- eller seniorniv\u00e5.  Ledare eller coach f\u00f6r ett elitlag p\u00e5 seniorniv\u00e5.  Domare p\u00e5 elitniv\u00e5.","og_url":"https:\/\/www.prolympia.se\/sundsvall\/hall-of-fame\/","og_site_name":"Prolympia - Sundsvall","article_modified_time":"2021-04-07T13:23:15+00:00","twitter_card":"summary_large_image","schema":{"@context":"https:\/\/schema.org","@graph":[{"@type":"WebPage","@id":"https:\/\/www.prolympia.se\/sundsvall\/hall-of-fame\/","url":"https:\/\/www.prolympia.se\/sundsvall\/hall-of-fame\/","name":"Hall of Fame - Prolympia - Sundsvall","isPartOf":{"@id":"https:\/\/www.prolympia.se\/sundsvall\/#website"},"datePublished":"2021-04-06T07:19:48+00:00","dateModified":"2021-04-07T13:23:15+00:00","description":"Hall of Fame M\u00e5let med Prolympias verksamhet \u00e4r att skapa ett livsl\u00e5ngt idrottsintresse tillsammans med en god kunskapsutveckling. Genom \u00e5ren har vi ocks\u00e5 format m\u00e4ngder av framg\u00e5ngsrika elitidrottare. H\u00e4r \u00e4r v\u00e5r Hall of Fame! Kriterier F\u00f6r att kvalificera dig till Prolympias Hall of Fame m\u00e5ste du ha uppn\u00e5tt minst en av f\u00f6ljande meriter: \u2022 Medverkat i en internationell t\u00e4vling (EM, VM eller OS). \u2022 Aktiv i minst en s\u00e4song inom seniorverksamhet p\u00e5 elitniv\u00e5 i din idrott. \u2022 Tagit medalj (individuellt eller i lag) i SM eller motsvarande internationell t\u00e4vling p\u00e5 flick-, pojk-, junior- eller seniorniv\u00e5. \u2022 Har en landskamp p\u00e5 flick-, pojk-, junior- eller seniorniv\u00e5. \u2022 Ledare eller coach f\u00f6r ett elitlag p\u00e5 seniorniv\u00e5. \u2022 Domare p\u00e5 elitniv\u00e5.","breadcrumb":{"@id":"https:\/\/www.prolympia.se\/sundsvall\/hall-of-fame\/#breadcrumb"},"inLanguage":"sv-SE","potentialAction":[{"@type":"ReadAction","target":["https:\/\/www.prolympia.se\/sundsvall\/hall-of-fame\/"]}]},{"@type":"BreadcrumbList","@id":"https:\/\/www.prolympia.se\/sundsvall\/hall-of-fame\/#breadcrumb","itemListElement":[{"@type":"ListItem","position":1,"name":"Hem","item":"https:\/\/www.prolympia.se\/sundsvall\/"},{"@type":"ListItem","position":2,"name":"Hall of Fame"}]},{"@type":"WebSite","@id":"https:\/\/www.prolympia.se\/sundsvall\/#website","url":"https:\/\/www.prolympia.se\/sundsvall\/","name":"Prolympia - Sundsvall","description":"Sveriges ledande idrottsskola","publisher":{"@id":"https:\/\/www.prolympia.se\/sundsvall\/#organization"},"potentialAction":[{"@type":"SearchAction","target":{"@type":"EntryPoint","urlTemplate":"https:\/\/www.prolympia.se\/sundsvall\/?s={search_term_string}"},"query-input":{"@type":"PropertyValueSpecification","valueRequired":true,"valueName":"search_term_string"}}],"inLanguage":"sv-SE"},{"@type":"Organization","@id":"https:\/\/www.prolympia.se\/sundsvall\/#organization","name":"Prolympia","url":"https:\/\/www.prolympia.se\/sundsvall\/","logo":{"@type":"ImageObject","inLanguage":"sv-SE","@id":"https:\/\/www.prolympia.se\/sundsvall\/#\/schema\/logo\/image\/","url":"https:\/\/www.prolympia.se\/sundsvall\/wp-content\/uploads\/sites\/6\/2021\/04\/icon-prolympia.png","contentUrl":"https:\/\/www.prolympia.se\/sundsvall\/wp-content\/uploads\/sites\/6\/2021\/04\/icon-prolympia.png","width":512,"height":512,"caption":"Prolympia"},"image":{"@id":"https:\/\/www.prolympia.se\/sundsvall\/#\/schema\/logo\/image\/"}}]}},"_links":{"self":[{"href":"https:\/\/www.prolympia.se\/sundsvall\/wp-json\/wp\/v2\/pages\/16","targetHints":{"allow":["GET"]}}],"collection":[{"href":"https:\/\/www.prolympia.se\/sundsvall\/wp-json\/wp\/v2\/pages"}],"about":[{"href":"https:\/\/www.prolympia.se\/sundsvall\/wp-json\/wp\/v2\/types\/page"}],"author":[{"embeddable":true,"href":"https:\/\/www.prolympia.se\/sundsvall\/wp-json\/wp\/v2\/users\/1"}],"replies":[{"embeddable":true,"href":"https:\/\/www.prolympia.se\/sundsvall\/wp-json\/wp\/v2\/comments?post=16"}],"version-history":[{"count":2,"href":"https:\/\/www.prolympia.se\/sundsvall\/wp-json\/wp\/v2\/pages\/16\/revisions"}],"predecessor-version":[{"id":146,"href":"https:\/\/www.prolympia.se\/sundsvall\/wp-json\/wp\/v2\/pages\/16\/revisions\/146"}],"wp:attachment":[{"href":"https:\/\/www.prolympia.se\/sundsvall\/wp-json\/wp\/v2\/media?parent=16"}],"curies":[{"name":"wp","href":"https:\/\/api.w.org\/{rel}","templated":true}]}}