{"id":14,"date":"2021-04-06T09:19:33","date_gmt":"2021-04-06T07:19:33","guid":{"rendered":"https:\/\/www.prolympia.se\/ostersund\/?page_id=14"},"modified":"2025-09-18T10:20:28","modified_gmt":"2025-09-18T08:20:28","slug":"kontakt","status":"publish","type":"page","link":"https:\/\/www.prolympia.se\/ostersund\/kontakt\/","title":{"rendered":"Kontakt"},"content":{"rendered":"&nbsp;\r\n\r\n<!--a=1-->\r\n\r\n<!--a=1-->\r\n\r\n<!--a=1-->\r\n\r\n<!--a=1-->\r\n\r\n<!--a=1-->\r\n\r\n<!--a=1-->\r\n\r\n<!--a=1-->\r\n\r\n<!--a=1-->\r\n\r\n<!--a=1-->\r\n\r\n<!--a=1-->\r\n\r\n<!--a=1-->","protected":false},"excerpt":{"rendered":"<p>&nbsp;<\/p>\n","protected":false},"author":1,"featured_media":0,"parent":0,"menu_order":0,"comment_status":"closed","ping_status":"closed","template":"templates\/template-sub-kontakt.php","meta":{"_acf_changed":false,"footnotes":""},"class_list":["post-14","page","type-page","status-publish","hentry"],"acf":[],"yoast_head":"<!-- This site is optimized with the Yoast SEO plugin v26.8 - https:\/\/yoast.com\/product\/yoast-seo-wordpress\/ -->\n<title>Kontakt - Prolympia - \u00d6stersund<\/title>\n<meta name=\"description\" content=\"Engagerade l\u00e4rare med h\u00f6g kompetens och idrottsbakgrund P\u00e5 Prolympia st\u00e4ller vi h\u00f6ga krav p\u00e5 att v\u00e5ra l\u00e4rare har s\u00e5v\u00e4l formell beh\u00f6righet som bakgrund som aktiva idrottare. Det f\u00f6rsta kriteriet vid anst\u00e4llning av l\u00e4rare p\u00e5 Prolympia \u00e4r formell beh\u00f6righet samt beh\u00f6righet i individuella undervisnings\u00e4mnen. Ytterligare ett kriterium \u00e4r att vi vill att samtliga l\u00e4rare har n\u00e5gon form av idrottsbakgrund samt delar v\u00e5ra v\u00e4rderingar och syn p\u00e5 kunskap. Det \u00e4r viktigt f\u00f6r f\u00f6rst\u00e5elsen f\u00f6r elevernas vardag, d\u00e4r tid f\u00f6r b\u00e5de skola och tr\u00e4ning ska rymmas, att alla l\u00e4rare delar v\u00e5r grundsyn p\u00e5 idrotten som ett verktyg f\u00f6r att skapa god h\u00e4lsa och bra kunskapsresultat.\" \/>\n<meta name=\"robots\" content=\"index, follow, max-snippet:-1, max-image-preview:large, max-video-preview:-1\" \/>\n<link rel=\"canonical\" href=\"https:\/\/www.prolympia.se\/ostersund\/kontakt\/\" \/>\n<meta property=\"og:locale\" content=\"sv_SE\" \/>\n<meta property=\"og:type\" content=\"article\" \/>\n<meta property=\"og:title\" content=\"Kontakt - Prolympia - \u00d6stersund\" \/>\n<meta property=\"og:description\" content=\"Engagerade l\u00e4rare med h\u00f6g kompetens och idrottsbakgrund P\u00e5 Prolympia st\u00e4ller vi h\u00f6ga krav p\u00e5 att v\u00e5ra l\u00e4rare har s\u00e5v\u00e4l formell beh\u00f6righet som bakgrund som aktiva idrottare. Det f\u00f6rsta kriteriet vid anst\u00e4llning av l\u00e4rare p\u00e5 Prolympia \u00e4r formell beh\u00f6righet samt beh\u00f6righet i individuella undervisnings\u00e4mnen. Ytterligare ett kriterium \u00e4r att vi vill att samtliga l\u00e4rare har n\u00e5gon form av idrottsbakgrund samt delar v\u00e5ra v\u00e4rderingar och syn p\u00e5 kunskap. Det \u00e4r viktigt f\u00f6r f\u00f6rst\u00e5elsen f\u00f6r elevernas vardag, d\u00e4r tid f\u00f6r b\u00e5de skola och tr\u00e4ning ska rymmas, att alla l\u00e4rare delar v\u00e5r grundsyn p\u00e5 idrotten som ett verktyg f\u00f6r att skapa god h\u00e4lsa och bra kunskapsresultat.\" \/>\n<meta property=\"og:url\" content=\"https:\/\/www.prolympia.se\/ostersund\/kontakt\/\" \/>\n<meta property=\"og:site_name\" content=\"Prolympia - \u00d6stersund\" \/>\n<meta property=\"article:modified_time\" content=\"2025-09-18T08:20:28+00:00\" \/>\n<meta name=\"twitter:card\" content=\"summary_large_image\" \/>\n<script type=\"application\/ld+json\" class=\"yoast-schema-graph\">{\"@context\":\"https:\/\/schema.org\",\"@graph\":[{\"@type\":\"WebPage\",\"@id\":\"https:\/\/www.prolympia.se\/ostersund\/kontakt\/\",\"url\":\"https:\/\/www.prolympia.se\/ostersund\/kontakt\/\",\"name\":\"Kontakt - Prolympia - \u00d6stersund\",\"isPartOf\":{\"@id\":\"https:\/\/www.prolympia.se\/ostersund\/#website\"},\"datePublished\":\"2021-04-06T07:19:33+00:00\",\"dateModified\":\"2025-09-18T08:20:28+00:00\",\"description\":\"Engagerade l\u00e4rare med h\u00f6g kompetens och idrottsbakgrund P\u00e5 Prolympia st\u00e4ller vi h\u00f6ga krav p\u00e5 att v\u00e5ra l\u00e4rare har s\u00e5v\u00e4l formell beh\u00f6righet som bakgrund som aktiva idrottare. Det f\u00f6rsta kriteriet vid anst\u00e4llning av l\u00e4rare p\u00e5 Prolympia \u00e4r formell beh\u00f6righet samt beh\u00f6righet i individuella undervisnings\u00e4mnen. Ytterligare ett kriterium \u00e4r att vi vill att samtliga l\u00e4rare har n\u00e5gon form av idrottsbakgrund samt delar v\u00e5ra v\u00e4rderingar och syn p\u00e5 kunskap. Det \u00e4r viktigt f\u00f6r f\u00f6rst\u00e5elsen f\u00f6r elevernas vardag, d\u00e4r tid f\u00f6r b\u00e5de skola och tr\u00e4ning ska rymmas, att alla l\u00e4rare delar v\u00e5r grundsyn p\u00e5 idrotten som ett verktyg f\u00f6r att skapa god h\u00e4lsa och bra kunskapsresultat.\",\"breadcrumb\":{\"@id\":\"https:\/\/www.prolympia.se\/ostersund\/kontakt\/#breadcrumb\"},\"inLanguage\":\"sv-SE\",\"potentialAction\":[{\"@type\":\"ReadAction\",\"target\":[\"https:\/\/www.prolympia.se\/ostersund\/kontakt\/\"]}]},{\"@type\":\"BreadcrumbList\",\"@id\":\"https:\/\/www.prolympia.se\/ostersund\/kontakt\/#breadcrumb\",\"itemListElement\":[{\"@type\":\"ListItem\",\"position\":1,\"name\":\"Hem\",\"item\":\"https:\/\/www.prolympia.se\/ostersund\/\"},{\"@type\":\"ListItem\",\"position\":2,\"name\":\"Kontakt\"}]},{\"@type\":\"WebSite\",\"@id\":\"https:\/\/www.prolympia.se\/ostersund\/#website\",\"url\":\"https:\/\/www.prolympia.se\/ostersund\/\",\"name\":\"Prolympia - \u00d6stersund\",\"description\":\"Sveriges ledande idrottsskola\",\"publisher\":{\"@id\":\"https:\/\/www.prolympia.se\/ostersund\/#organization\"},\"potentialAction\":[{\"@type\":\"SearchAction\",\"target\":{\"@type\":\"EntryPoint\",\"urlTemplate\":\"https:\/\/www.prolympia.se\/ostersund\/?s={search_term_string}\"},\"query-input\":{\"@type\":\"PropertyValueSpecification\",\"valueRequired\":true,\"valueName\":\"search_term_string\"}}],\"inLanguage\":\"sv-SE\"},{\"@type\":\"Organization\",\"@id\":\"https:\/\/www.prolympia.se\/ostersund\/#organization\",\"name\":\"Prolympia\",\"url\":\"https:\/\/www.prolympia.se\/ostersund\/\",\"logo\":{\"@type\":\"ImageObject\",\"inLanguage\":\"sv-SE\",\"@id\":\"https:\/\/www.prolympia.se\/ostersund\/#\/schema\/logo\/image\/\",\"url\":\"https:\/\/www.prolympia.se\/ostersund\/wp-content\/uploads\/sites\/10\/2021\/04\/icon-prolympia.png\",\"contentUrl\":\"https:\/\/www.prolympia.se\/ostersund\/wp-content\/uploads\/sites\/10\/2021\/04\/icon-prolympia.png\",\"width\":512,\"height\":512,\"caption\":\"Prolympia\"},\"image\":{\"@id\":\"https:\/\/www.prolympia.se\/ostersund\/#\/schema\/logo\/image\/\"}}]}<\/script>\n<!-- \/ Yoast SEO plugin. -->","yoast_head_json":{"title":"Kontakt - Prolympia - \u00d6stersund","description":"Engagerade l\u00e4rare med h\u00f6g kompetens och idrottsbakgrund P\u00e5 Prolympia st\u00e4ller vi h\u00f6ga krav p\u00e5 att v\u00e5ra l\u00e4rare har s\u00e5v\u00e4l formell beh\u00f6righet som bakgrund som aktiva idrottare. Det f\u00f6rsta kriteriet vid anst\u00e4llning av l\u00e4rare p\u00e5 Prolympia \u00e4r formell beh\u00f6righet samt beh\u00f6righet i individuella undervisnings\u00e4mnen. Ytterligare ett kriterium \u00e4r att vi vill att samtliga l\u00e4rare har n\u00e5gon form av idrottsbakgrund samt delar v\u00e5ra v\u00e4rderingar och syn p\u00e5 kunskap. Det \u00e4r viktigt f\u00f6r f\u00f6rst\u00e5elsen f\u00f6r elevernas vardag, d\u00e4r tid f\u00f6r b\u00e5de skola och tr\u00e4ning ska rymmas, att alla l\u00e4rare delar v\u00e5r grundsyn p\u00e5 idrotten som ett verktyg f\u00f6r att skapa god h\u00e4lsa och bra kunskapsresultat.","robots":{"index":"index","follow":"follow","max-snippet":"max-snippet:-1","max-image-preview":"max-image-preview:large","max-video-preview":"max-video-preview:-1"},"canonical":"https:\/\/www.prolympia.se\/ostersund\/kontakt\/","og_locale":"sv_SE","og_type":"article","og_title":"Kontakt - Prolympia - \u00d6stersund","og_description":"Engagerade l\u00e4rare med h\u00f6g kompetens och idrottsbakgrund P\u00e5 Prolympia st\u00e4ller vi h\u00f6ga krav p\u00e5 att v\u00e5ra l\u00e4rare har s\u00e5v\u00e4l formell beh\u00f6righet som bakgrund som aktiva idrottare. Det f\u00f6rsta kriteriet vid anst\u00e4llning av l\u00e4rare p\u00e5 Prolympia \u00e4r formell beh\u00f6righet samt beh\u00f6righet i individuella undervisnings\u00e4mnen. Ytterligare ett kriterium \u00e4r att vi vill att samtliga l\u00e4rare har n\u00e5gon form av idrottsbakgrund samt delar v\u00e5ra v\u00e4rderingar och syn p\u00e5 kunskap. Det \u00e4r viktigt f\u00f6r f\u00f6rst\u00e5elsen f\u00f6r elevernas vardag, d\u00e4r tid f\u00f6r b\u00e5de skola och tr\u00e4ning ska rymmas, att alla l\u00e4rare delar v\u00e5r grundsyn p\u00e5 idrotten som ett verktyg f\u00f6r att skapa god h\u00e4lsa och bra kunskapsresultat.","og_url":"https:\/\/www.prolympia.se\/ostersund\/kontakt\/","og_site_name":"Prolympia - \u00d6stersund","article_modified_time":"2025-09-18T08:20:28+00:00","twitter_card":"summary_large_image","schema":{"@context":"https:\/\/schema.org","@graph":[{"@type":"WebPage","@id":"https:\/\/www.prolympia.se\/ostersund\/kontakt\/","url":"https:\/\/www.prolympia.se\/ostersund\/kontakt\/","name":"Kontakt - Prolympia - \u00d6stersund","isPartOf":{"@id":"https:\/\/www.prolympia.se\/ostersund\/#website"},"datePublished":"2021-04-06T07:19:33+00:00","dateModified":"2025-09-18T08:20:28+00:00","description":"Engagerade l\u00e4rare med h\u00f6g kompetens och idrottsbakgrund P\u00e5 Prolympia st\u00e4ller vi h\u00f6ga krav p\u00e5 att v\u00e5ra l\u00e4rare har s\u00e5v\u00e4l formell beh\u00f6righet som bakgrund som aktiva idrottare. Det f\u00f6rsta kriteriet vid anst\u00e4llning av l\u00e4rare p\u00e5 Prolympia \u00e4r formell beh\u00f6righet samt beh\u00f6righet i individuella undervisnings\u00e4mnen. Ytterligare ett kriterium \u00e4r att vi vill att samtliga l\u00e4rare har n\u00e5gon form av idrottsbakgrund samt delar v\u00e5ra v\u00e4rderingar och syn p\u00e5 kunskap. Det \u00e4r viktigt f\u00f6r f\u00f6rst\u00e5elsen f\u00f6r elevernas vardag, d\u00e4r tid f\u00f6r b\u00e5de skola och tr\u00e4ning ska rymmas, att alla l\u00e4rare delar v\u00e5r grundsyn p\u00e5 idrotten som ett verktyg f\u00f6r att skapa god h\u00e4lsa och bra kunskapsresultat.","breadcrumb":{"@id":"https:\/\/www.prolympia.se\/ostersund\/kontakt\/#breadcrumb"},"inLanguage":"sv-SE","potentialAction":[{"@type":"ReadAction","target":["https:\/\/www.prolympia.se\/ostersund\/kontakt\/"]}]},{"@type":"BreadcrumbList","@id":"https:\/\/www.prolympia.se\/ostersund\/kontakt\/#breadcrumb","itemListElement":[{"@type":"ListItem","position":1,"name":"Hem","item":"https:\/\/www.prolympia.se\/ostersund\/"},{"@type":"ListItem","position":2,"name":"Kontakt"}]},{"@type":"WebSite","@id":"https:\/\/www.prolympia.se\/ostersund\/#website","url":"https:\/\/www.prolympia.se\/ostersund\/","name":"Prolympia - \u00d6stersund","description":"Sveriges ledande idrottsskola","publisher":{"@id":"https:\/\/www.prolympia.se\/ostersund\/#organization"},"potentialAction":[{"@type":"SearchAction","target":{"@type":"EntryPoint","urlTemplate":"https:\/\/www.prolympia.se\/ostersund\/?s={search_term_string}"},"query-input":{"@type":"PropertyValueSpecification","valueRequired":true,"valueName":"search_term_string"}}],"inLanguage":"sv-SE"},{"@type":"Organization","@id":"https:\/\/www.prolympia.se\/ostersund\/#organization","name":"Prolympia","url":"https:\/\/www.prolympia.se\/ostersund\/","logo":{"@type":"ImageObject","inLanguage":"sv-SE","@id":"https:\/\/www.prolympia.se\/ostersund\/#\/schema\/logo\/image\/","url":"https:\/\/www.prolympia.se\/ostersund\/wp-content\/uploads\/sites\/10\/2021\/04\/icon-prolympia.png","contentUrl":"https:\/\/www.prolympia.se\/ostersund\/wp-content\/uploads\/sites\/10\/2021\/04\/icon-prolympia.png","width":512,"height":512,"caption":"Prolympia"},"image":{"@id":"https:\/\/www.prolympia.se\/ostersund\/#\/schema\/logo\/image\/"}}]}},"_links":{"self":[{"href":"https:\/\/www.prolympia.se\/ostersund\/wp-json\/wp\/v2\/pages\/14","targetHints":{"allow":["GET"]}}],"collection":[{"href":"https:\/\/www.prolympia.se\/ostersund\/wp-json\/wp\/v2\/pages"}],"about":[{"href":"https:\/\/www.prolympia.se\/ostersund\/wp-json\/wp\/v2\/types\/page"}],"author":[{"embeddable":true,"href":"https:\/\/www.prolympia.se\/ostersund\/wp-json\/wp\/v2\/users\/1"}],"replies":[{"embeddable":true,"href":"https:\/\/www.prolympia.se\/ostersund\/wp-json\/wp\/v2\/comments?post=14"}],"version-history":[{"count":36,"href":"https:\/\/www.prolympia.se\/ostersund\/wp-json\/wp\/v2\/pages\/14\/revisions"}],"predecessor-version":[{"id":19889,"href":"https:\/\/www.prolympia.se\/ostersund\/wp-json\/wp\/v2\/pages\/14\/revisions\/19889"}],"wp:attachment":[{"href":"https:\/\/www.prolympia.se\/ostersund\/wp-json\/wp\/v2\/media?parent=14"}],"curies":[{"name":"wp","href":"https:\/\/api.w.org\/{rel}","templated":true}]}}