{"id":63,"date":"2021-03-04T14:24:43","date_gmt":"2021-03-04T13:24:43","guid":{"rendered":"https:\/\/www.prolympia.se\/jonkoping\/?page_id=63"},"modified":"2026-03-13T12:26:22","modified_gmt":"2026-03-13T11:26:22","slug":"kontakt","status":"publish","type":"page","link":"https:\/\/www.prolympia.se\/jonkoping\/kontakt\/","title":{"rendered":"Kontakt"},"content":{"rendered":"","protected":false},"excerpt":{"rendered":"","protected":false},"author":1,"featured_media":0,"parent":0,"menu_order":0,"comment_status":"closed","ping_status":"closed","template":"templates\/template-sub-kontakt.php","meta":{"_acf_changed":false,"footnotes":""},"class_list":["post-63","page","type-page","status-publish","hentry"],"acf":[],"yoast_head":"<!-- This site is optimized with the Yoast SEO plugin v26.8 - https:\/\/yoast.com\/product\/yoast-seo-wordpress\/ -->\n<title>Kontakt - Prolympia - J\u00f6nk\u00f6ping<\/title>\n<meta name=\"description\" content=\"Engagerad personal P\u00e5 Prolympia har vi elevers h\u00e4lsa, l\u00e4rande och utveckling i fokus. Vi skapar f\u00f6ruts\u00e4ttningar f\u00f6r elever att n\u00e5 s\u00e5 l\u00e5ngt som m\u00f6jligt i sitt l\u00e4rande i kombination med m\u00f6jligheten att utvecklas inom sin idrott. Vi ser engagerade och v\u00e4lm\u00e5ende medarbetare som nyckeln till en framg\u00e5ngsrik verksamhet. Vi vill skapa en arbetsplats d\u00e4r h\u00e4lsa, trygghet, kunskap och idrott samverkar f\u00f6r att st\u00e4rka b\u00e5de personal och elever. V\u00e5r ambition \u00e4r att attrahera, utveckla och beh\u00e5lla kompetenta medarbetare genom att skapa en inkluderande och motiverande arbetsmilj\u00f6.\" \/>\n<meta name=\"robots\" content=\"index, follow, max-snippet:-1, max-image-preview:large, max-video-preview:-1\" \/>\n<link rel=\"canonical\" href=\"https:\/\/www.prolympia.se\/jonkoping\/kontakt\/\" \/>\n<meta property=\"og:locale\" content=\"sv_SE\" \/>\n<meta property=\"og:type\" content=\"article\" \/>\n<meta property=\"og:title\" content=\"Kontakt - Prolympia - J\u00f6nk\u00f6ping\" \/>\n<meta property=\"og:description\" content=\"Engagerad personal P\u00e5 Prolympia har vi elevers h\u00e4lsa, l\u00e4rande och utveckling i fokus. Vi skapar f\u00f6ruts\u00e4ttningar f\u00f6r elever att n\u00e5 s\u00e5 l\u00e5ngt som m\u00f6jligt i sitt l\u00e4rande i kombination med m\u00f6jligheten att utvecklas inom sin idrott. Vi ser engagerade och v\u00e4lm\u00e5ende medarbetare som nyckeln till en framg\u00e5ngsrik verksamhet. Vi vill skapa en arbetsplats d\u00e4r h\u00e4lsa, trygghet, kunskap och idrott samverkar f\u00f6r att st\u00e4rka b\u00e5de personal och elever. V\u00e5r ambition \u00e4r att attrahera, utveckla och beh\u00e5lla kompetenta medarbetare genom att skapa en inkluderande och motiverande arbetsmilj\u00f6.\" \/>\n<meta property=\"og:url\" content=\"https:\/\/www.prolympia.se\/jonkoping\/kontakt\/\" \/>\n<meta property=\"og:site_name\" content=\"Prolympia - J\u00f6nk\u00f6ping\" \/>\n<meta property=\"article:modified_time\" content=\"2026-03-13T11:26:22+00:00\" \/>\n<meta name=\"twitter:card\" content=\"summary_large_image\" \/>\n<script type=\"application\/ld+json\" class=\"yoast-schema-graph\">{\"@context\":\"https:\/\/schema.org\",\"@graph\":[{\"@type\":\"WebPage\",\"@id\":\"https:\/\/www.prolympia.se\/jonkoping\/kontakt\/\",\"url\":\"https:\/\/www.prolympia.se\/jonkoping\/kontakt\/\",\"name\":\"Kontakt - Prolympia - J\u00f6nk\u00f6ping\",\"isPartOf\":{\"@id\":\"https:\/\/www.prolympia.se\/jonkoping\/#website\"},\"datePublished\":\"2021-03-04T13:24:43+00:00\",\"dateModified\":\"2026-03-13T11:26:22+00:00\",\"description\":\"Engagerad personal P\u00e5 Prolympia har vi elevers h\u00e4lsa, l\u00e4rande och utveckling i fokus. Vi skapar f\u00f6ruts\u00e4ttningar f\u00f6r elever att n\u00e5 s\u00e5 l\u00e5ngt som m\u00f6jligt i sitt l\u00e4rande i kombination med m\u00f6jligheten att utvecklas inom sin idrott. Vi ser engagerade och v\u00e4lm\u00e5ende medarbetare som nyckeln till en framg\u00e5ngsrik verksamhet. Vi vill skapa en arbetsplats d\u00e4r h\u00e4lsa, trygghet, kunskap och idrott samverkar f\u00f6r att st\u00e4rka b\u00e5de personal och elever. V\u00e5r ambition \u00e4r att attrahera, utveckla och beh\u00e5lla kompetenta medarbetare genom att skapa en inkluderande och motiverande arbetsmilj\u00f6.\",\"breadcrumb\":{\"@id\":\"https:\/\/www.prolympia.se\/jonkoping\/kontakt\/#breadcrumb\"},\"inLanguage\":\"sv-SE\",\"potentialAction\":[{\"@type\":\"ReadAction\",\"target\":[\"https:\/\/www.prolympia.se\/jonkoping\/kontakt\/\"]}]},{\"@type\":\"BreadcrumbList\",\"@id\":\"https:\/\/www.prolympia.se\/jonkoping\/kontakt\/#breadcrumb\",\"itemListElement\":[{\"@type\":\"ListItem\",\"position\":1,\"name\":\"Hem\",\"item\":\"https:\/\/www.prolympia.se\/jonkoping\/\"},{\"@type\":\"ListItem\",\"position\":2,\"name\":\"Kontakt\"}]},{\"@type\":\"WebSite\",\"@id\":\"https:\/\/www.prolympia.se\/jonkoping\/#website\",\"url\":\"https:\/\/www.prolympia.se\/jonkoping\/\",\"name\":\"Prolympia - J\u00f6nk\u00f6ping\",\"description\":\"Sveriges ledande idrottsskola\",\"publisher\":{\"@id\":\"https:\/\/www.prolympia.se\/jonkoping\/#organization\"},\"potentialAction\":[{\"@type\":\"SearchAction\",\"target\":{\"@type\":\"EntryPoint\",\"urlTemplate\":\"https:\/\/www.prolympia.se\/jonkoping\/?s={search_term_string}\"},\"query-input\":{\"@type\":\"PropertyValueSpecification\",\"valueRequired\":true,\"valueName\":\"search_term_string\"}}],\"inLanguage\":\"sv-SE\"},{\"@type\":\"Organization\",\"@id\":\"https:\/\/www.prolympia.se\/jonkoping\/#organization\",\"name\":\"Prolympia\",\"url\":\"https:\/\/www.prolympia.se\/jonkoping\/\",\"logo\":{\"@type\":\"ImageObject\",\"inLanguage\":\"sv-SE\",\"@id\":\"https:\/\/www.prolympia.se\/jonkoping\/#\/schema\/logo\/image\/\",\"url\":\"https:\/\/www.prolympia.se\/jonkoping\/wp-content\/uploads\/sites\/2\/2021\/04\/icon-prolympia.png\",\"contentUrl\":\"https:\/\/www.prolympia.se\/jonkoping\/wp-content\/uploads\/sites\/2\/2021\/04\/icon-prolympia.png\",\"width\":512,\"height\":512,\"caption\":\"Prolympia\"},\"image\":{\"@id\":\"https:\/\/www.prolympia.se\/jonkoping\/#\/schema\/logo\/image\/\"}}]}<\/script>\n<!-- \/ Yoast SEO plugin. -->","yoast_head_json":{"title":"Kontakt - Prolympia - J\u00f6nk\u00f6ping","description":"Engagerad personal P\u00e5 Prolympia har vi elevers h\u00e4lsa, l\u00e4rande och utveckling i fokus. Vi skapar f\u00f6ruts\u00e4ttningar f\u00f6r elever att n\u00e5 s\u00e5 l\u00e5ngt som m\u00f6jligt i sitt l\u00e4rande i kombination med m\u00f6jligheten att utvecklas inom sin idrott. Vi ser engagerade och v\u00e4lm\u00e5ende medarbetare som nyckeln till en framg\u00e5ngsrik verksamhet. Vi vill skapa en arbetsplats d\u00e4r h\u00e4lsa, trygghet, kunskap och idrott samverkar f\u00f6r att st\u00e4rka b\u00e5de personal och elever. V\u00e5r ambition \u00e4r att attrahera, utveckla och beh\u00e5lla kompetenta medarbetare genom att skapa en inkluderande och motiverande arbetsmilj\u00f6.","robots":{"index":"index","follow":"follow","max-snippet":"max-snippet:-1","max-image-preview":"max-image-preview:large","max-video-preview":"max-video-preview:-1"},"canonical":"https:\/\/www.prolympia.se\/jonkoping\/kontakt\/","og_locale":"sv_SE","og_type":"article","og_title":"Kontakt - Prolympia - J\u00f6nk\u00f6ping","og_description":"Engagerad personal P\u00e5 Prolympia har vi elevers h\u00e4lsa, l\u00e4rande och utveckling i fokus. Vi skapar f\u00f6ruts\u00e4ttningar f\u00f6r elever att n\u00e5 s\u00e5 l\u00e5ngt som m\u00f6jligt i sitt l\u00e4rande i kombination med m\u00f6jligheten att utvecklas inom sin idrott. Vi ser engagerade och v\u00e4lm\u00e5ende medarbetare som nyckeln till en framg\u00e5ngsrik verksamhet. Vi vill skapa en arbetsplats d\u00e4r h\u00e4lsa, trygghet, kunskap och idrott samverkar f\u00f6r att st\u00e4rka b\u00e5de personal och elever. V\u00e5r ambition \u00e4r att attrahera, utveckla och beh\u00e5lla kompetenta medarbetare genom att skapa en inkluderande och motiverande arbetsmilj\u00f6.","og_url":"https:\/\/www.prolympia.se\/jonkoping\/kontakt\/","og_site_name":"Prolympia - J\u00f6nk\u00f6ping","article_modified_time":"2026-03-13T11:26:22+00:00","twitter_card":"summary_large_image","schema":{"@context":"https:\/\/schema.org","@graph":[{"@type":"WebPage","@id":"https:\/\/www.prolympia.se\/jonkoping\/kontakt\/","url":"https:\/\/www.prolympia.se\/jonkoping\/kontakt\/","name":"Kontakt - Prolympia - J\u00f6nk\u00f6ping","isPartOf":{"@id":"https:\/\/www.prolympia.se\/jonkoping\/#website"},"datePublished":"2021-03-04T13:24:43+00:00","dateModified":"2026-03-13T11:26:22+00:00","description":"Engagerad personal P\u00e5 Prolympia har vi elevers h\u00e4lsa, l\u00e4rande och utveckling i fokus. Vi skapar f\u00f6ruts\u00e4ttningar f\u00f6r elever att n\u00e5 s\u00e5 l\u00e5ngt som m\u00f6jligt i sitt l\u00e4rande i kombination med m\u00f6jligheten att utvecklas inom sin idrott. Vi ser engagerade och v\u00e4lm\u00e5ende medarbetare som nyckeln till en framg\u00e5ngsrik verksamhet. Vi vill skapa en arbetsplats d\u00e4r h\u00e4lsa, trygghet, kunskap och idrott samverkar f\u00f6r att st\u00e4rka b\u00e5de personal och elever. V\u00e5r ambition \u00e4r att attrahera, utveckla och beh\u00e5lla kompetenta medarbetare genom att skapa en inkluderande och motiverande arbetsmilj\u00f6.","breadcrumb":{"@id":"https:\/\/www.prolympia.se\/jonkoping\/kontakt\/#breadcrumb"},"inLanguage":"sv-SE","potentialAction":[{"@type":"ReadAction","target":["https:\/\/www.prolympia.se\/jonkoping\/kontakt\/"]}]},{"@type":"BreadcrumbList","@id":"https:\/\/www.prolympia.se\/jonkoping\/kontakt\/#breadcrumb","itemListElement":[{"@type":"ListItem","position":1,"name":"Hem","item":"https:\/\/www.prolympia.se\/jonkoping\/"},{"@type":"ListItem","position":2,"name":"Kontakt"}]},{"@type":"WebSite","@id":"https:\/\/www.prolympia.se\/jonkoping\/#website","url":"https:\/\/www.prolympia.se\/jonkoping\/","name":"Prolympia - J\u00f6nk\u00f6ping","description":"Sveriges ledande idrottsskola","publisher":{"@id":"https:\/\/www.prolympia.se\/jonkoping\/#organization"},"potentialAction":[{"@type":"SearchAction","target":{"@type":"EntryPoint","urlTemplate":"https:\/\/www.prolympia.se\/jonkoping\/?s={search_term_string}"},"query-input":{"@type":"PropertyValueSpecification","valueRequired":true,"valueName":"search_term_string"}}],"inLanguage":"sv-SE"},{"@type":"Organization","@id":"https:\/\/www.prolympia.se\/jonkoping\/#organization","name":"Prolympia","url":"https:\/\/www.prolympia.se\/jonkoping\/","logo":{"@type":"ImageObject","inLanguage":"sv-SE","@id":"https:\/\/www.prolympia.se\/jonkoping\/#\/schema\/logo\/image\/","url":"https:\/\/www.prolympia.se\/jonkoping\/wp-content\/uploads\/sites\/2\/2021\/04\/icon-prolympia.png","contentUrl":"https:\/\/www.prolympia.se\/jonkoping\/wp-content\/uploads\/sites\/2\/2021\/04\/icon-prolympia.png","width":512,"height":512,"caption":"Prolympia"},"image":{"@id":"https:\/\/www.prolympia.se\/jonkoping\/#\/schema\/logo\/image\/"}}]}},"_links":{"self":[{"href":"https:\/\/www.prolympia.se\/jonkoping\/wp-json\/wp\/v2\/pages\/63","targetHints":{"allow":["GET"]}}],"collection":[{"href":"https:\/\/www.prolympia.se\/jonkoping\/wp-json\/wp\/v2\/pages"}],"about":[{"href":"https:\/\/www.prolympia.se\/jonkoping\/wp-json\/wp\/v2\/types\/page"}],"author":[{"embeddable":true,"href":"https:\/\/www.prolympia.se\/jonkoping\/wp-json\/wp\/v2\/users\/1"}],"replies":[{"embeddable":true,"href":"https:\/\/www.prolympia.se\/jonkoping\/wp-json\/wp\/v2\/comments?post=63"}],"version-history":[{"count":205,"href":"https:\/\/www.prolympia.se\/jonkoping\/wp-json\/wp\/v2\/pages\/63\/revisions"}],"predecessor-version":[{"id":18793,"href":"https:\/\/www.prolympia.se\/jonkoping\/wp-json\/wp\/v2\/pages\/63\/revisions\/18793"}],"wp:attachment":[{"href":"https:\/\/www.prolympia.se\/jonkoping\/wp-json\/wp\/v2\/media?parent=63"}],"curies":[{"name":"wp","href":"https:\/\/api.w.org\/{rel}","templated":true}]}}