{"id":61,"date":"2021-03-04T14:24:33","date_gmt":"2021-03-04T13:24:33","guid":{"rendered":"https:\/\/www.prolympia.se\/jonkoping\/?page_id=61"},"modified":"2026-02-26T08:52:11","modified_gmt":"2026-02-26T07:52:11","slug":"specialidrott","status":"publish","type":"page","link":"https:\/\/www.prolympia.se\/jonkoping\/specialidrott\/","title":{"rendered":"Specialidrott"},"content":{"rendered":"","protected":false},"excerpt":{"rendered":"","protected":false},"author":1,"featured_media":0,"parent":0,"menu_order":0,"comment_status":"closed","ping_status":"closed","template":"templates\/template-sub-specialidrott.php","meta":{"_acf_changed":false,"footnotes":""},"class_list":["post-61","page","type-page","status-publish","hentry"],"acf":[],"yoast_head":"<!-- This site is optimized with the Yoast SEO plugin v26.8 - https:\/\/yoast.com\/product\/yoast-seo-wordpress\/ -->\n<title>Specialidrott - Prolympia - J\u00f6nk\u00f6ping<\/title>\n<meta name=\"description\" content=\"Specialidrott P\u00e5 Prolympia skapar vi f\u00f6ruts\u00e4ttningar f\u00f6r elever att n\u00e5 s\u00e5 l\u00e5ngt som m\u00f6jligt i sitt l\u00e4rande i kombination med m\u00f6jligheten att utvecklas inom sin idrott p\u00e5 skoltid. V\u00e5rt m\u00e5l \u00e4r att skapa ett livsl\u00e5ngt intresse f\u00f6r idrott och h\u00e4lsa. Till och med \u00e5rskurs 5 \u00e4r v\u00e5r str\u00e4van att ha n\u00e5gon form av r\u00f6relse varje dag. Under dessa \u00e5r samarbetar vi med idrottsf\u00f6reningar f\u00f6r att skapa intresse och nyfikenhet f\u00f6r idrott och h\u00e4lsa.\u00a0 V\u00e5ra elever f\u00e5r h\u00e4r prova p\u00e5 en m\u00e5ngfald av olika idrotter. Vi fokuserar p\u00e5 allsidighet, prova p\u00e5 och ha kul!  Fr\u00e5n och med \u00e5rskurs 6 finns m\u00f6jlighet att satsa extra p\u00e5 sin idrott p\u00e5 skoltid under ledning av idrottscoacher.  Flera av v\u00e5ra elever har blivit framg\u00e5ngsrika i sina f\u00f6reningar och i st\u00f6rre m\u00e4sterskap inom olika idrotter. V\u00e5r str\u00e4van \u00e4r framf\u00f6rallt att l\u00e4gga grunden till ett livsl\u00e5ngt intresse f\u00f6r idrott och h\u00e4lsa.\" \/>\n<meta name=\"robots\" content=\"index, follow, max-snippet:-1, max-image-preview:large, max-video-preview:-1\" \/>\n<link rel=\"canonical\" href=\"https:\/\/www.prolympia.se\/jonkoping\/specialidrott\/\" \/>\n<meta property=\"og:locale\" content=\"sv_SE\" \/>\n<meta property=\"og:type\" content=\"article\" \/>\n<meta property=\"og:title\" content=\"Specialidrott - Prolympia - J\u00f6nk\u00f6ping\" \/>\n<meta property=\"og:description\" content=\"Specialidrott P\u00e5 Prolympia skapar vi f\u00f6ruts\u00e4ttningar f\u00f6r elever att n\u00e5 s\u00e5 l\u00e5ngt som m\u00f6jligt i sitt l\u00e4rande i kombination med m\u00f6jligheten att utvecklas inom sin idrott p\u00e5 skoltid. V\u00e5rt m\u00e5l \u00e4r att skapa ett livsl\u00e5ngt intresse f\u00f6r idrott och h\u00e4lsa. Till och med \u00e5rskurs 5 \u00e4r v\u00e5r str\u00e4van att ha n\u00e5gon form av r\u00f6relse varje dag. Under dessa \u00e5r samarbetar vi med idrottsf\u00f6reningar f\u00f6r att skapa intresse och nyfikenhet f\u00f6r idrott och h\u00e4lsa.\u00a0 V\u00e5ra elever f\u00e5r h\u00e4r prova p\u00e5 en m\u00e5ngfald av olika idrotter. Vi fokuserar p\u00e5 allsidighet, prova p\u00e5 och ha kul!  Fr\u00e5n och med \u00e5rskurs 6 finns m\u00f6jlighet att satsa extra p\u00e5 sin idrott p\u00e5 skoltid under ledning av idrottscoacher.  Flera av v\u00e5ra elever har blivit framg\u00e5ngsrika i sina f\u00f6reningar och i st\u00f6rre m\u00e4sterskap inom olika idrotter. V\u00e5r str\u00e4van \u00e4r framf\u00f6rallt att l\u00e4gga grunden till ett livsl\u00e5ngt intresse f\u00f6r idrott och h\u00e4lsa.\" \/>\n<meta property=\"og:url\" content=\"https:\/\/www.prolympia.se\/jonkoping\/specialidrott\/\" \/>\n<meta property=\"og:site_name\" content=\"Prolympia - J\u00f6nk\u00f6ping\" \/>\n<meta property=\"article:modified_time\" content=\"2026-02-26T07:52:11+00:00\" \/>\n<meta name=\"twitter:card\" content=\"summary_large_image\" \/>\n<script type=\"application\/ld+json\" class=\"yoast-schema-graph\">{\"@context\":\"https:\/\/schema.org\",\"@graph\":[{\"@type\":\"WebPage\",\"@id\":\"https:\/\/www.prolympia.se\/jonkoping\/specialidrott\/\",\"url\":\"https:\/\/www.prolympia.se\/jonkoping\/specialidrott\/\",\"name\":\"Specialidrott - Prolympia - J\u00f6nk\u00f6ping\",\"isPartOf\":{\"@id\":\"https:\/\/www.prolympia.se\/jonkoping\/#website\"},\"datePublished\":\"2021-03-04T13:24:33+00:00\",\"dateModified\":\"2026-02-26T07:52:11+00:00\",\"description\":\"Specialidrott P\u00e5 Prolympia skapar vi f\u00f6ruts\u00e4ttningar f\u00f6r elever att n\u00e5 s\u00e5 l\u00e5ngt som m\u00f6jligt i sitt l\u00e4rande i kombination med m\u00f6jligheten att utvecklas inom sin idrott p\u00e5 skoltid. V\u00e5rt m\u00e5l \u00e4r att skapa ett livsl\u00e5ngt intresse f\u00f6r idrott och h\u00e4lsa. Till och med \u00e5rskurs 5 \u00e4r v\u00e5r str\u00e4van att ha n\u00e5gon form av r\u00f6relse varje dag. Under dessa \u00e5r samarbetar vi med idrottsf\u00f6reningar f\u00f6r att skapa intresse och nyfikenhet f\u00f6r idrott och h\u00e4lsa.\u00a0 V\u00e5ra elever f\u00e5r h\u00e4r prova p\u00e5 en m\u00e5ngfald av olika idrotter. Vi fokuserar p\u00e5 allsidighet, prova p\u00e5 och ha kul! Fr\u00e5n och med \u00e5rskurs 6 finns m\u00f6jlighet att satsa extra p\u00e5 sin idrott p\u00e5 skoltid under ledning av idrottscoacher. Flera av v\u00e5ra elever har blivit framg\u00e5ngsrika i sina f\u00f6reningar och i st\u00f6rre m\u00e4sterskap inom olika idrotter. V\u00e5r str\u00e4van \u00e4r framf\u00f6rallt att l\u00e4gga grunden till ett livsl\u00e5ngt intresse f\u00f6r idrott och h\u00e4lsa.\",\"breadcrumb\":{\"@id\":\"https:\/\/www.prolympia.se\/jonkoping\/specialidrott\/#breadcrumb\"},\"inLanguage\":\"sv-SE\",\"potentialAction\":[{\"@type\":\"ReadAction\",\"target\":[\"https:\/\/www.prolympia.se\/jonkoping\/specialidrott\/\"]}]},{\"@type\":\"BreadcrumbList\",\"@id\":\"https:\/\/www.prolympia.se\/jonkoping\/specialidrott\/#breadcrumb\",\"itemListElement\":[{\"@type\":\"ListItem\",\"position\":1,\"name\":\"Hem\",\"item\":\"https:\/\/www.prolympia.se\/jonkoping\/\"},{\"@type\":\"ListItem\",\"position\":2,\"name\":\"Specialidrott\"}]},{\"@type\":\"WebSite\",\"@id\":\"https:\/\/www.prolympia.se\/jonkoping\/#website\",\"url\":\"https:\/\/www.prolympia.se\/jonkoping\/\",\"name\":\"Prolympia - J\u00f6nk\u00f6ping\",\"description\":\"Sveriges ledande idrottsskola\",\"publisher\":{\"@id\":\"https:\/\/www.prolympia.se\/jonkoping\/#organization\"},\"potentialAction\":[{\"@type\":\"SearchAction\",\"target\":{\"@type\":\"EntryPoint\",\"urlTemplate\":\"https:\/\/www.prolympia.se\/jonkoping\/?s={search_term_string}\"},\"query-input\":{\"@type\":\"PropertyValueSpecification\",\"valueRequired\":true,\"valueName\":\"search_term_string\"}}],\"inLanguage\":\"sv-SE\"},{\"@type\":\"Organization\",\"@id\":\"https:\/\/www.prolympia.se\/jonkoping\/#organization\",\"name\":\"Prolympia\",\"url\":\"https:\/\/www.prolympia.se\/jonkoping\/\",\"logo\":{\"@type\":\"ImageObject\",\"inLanguage\":\"sv-SE\",\"@id\":\"https:\/\/www.prolympia.se\/jonkoping\/#\/schema\/logo\/image\/\",\"url\":\"https:\/\/www.prolympia.se\/jonkoping\/wp-content\/uploads\/sites\/2\/2021\/04\/icon-prolympia.png\",\"contentUrl\":\"https:\/\/www.prolympia.se\/jonkoping\/wp-content\/uploads\/sites\/2\/2021\/04\/icon-prolympia.png\",\"width\":512,\"height\":512,\"caption\":\"Prolympia\"},\"image\":{\"@id\":\"https:\/\/www.prolympia.se\/jonkoping\/#\/schema\/logo\/image\/\"}}]}<\/script>\n<!-- \/ Yoast SEO plugin. -->","yoast_head_json":{"title":"Specialidrott - Prolympia - J\u00f6nk\u00f6ping","description":"Specialidrott P\u00e5 Prolympia skapar vi f\u00f6ruts\u00e4ttningar f\u00f6r elever att n\u00e5 s\u00e5 l\u00e5ngt som m\u00f6jligt i sitt l\u00e4rande i kombination med m\u00f6jligheten att utvecklas inom sin idrott p\u00e5 skoltid. V\u00e5rt m\u00e5l \u00e4r att skapa ett livsl\u00e5ngt intresse f\u00f6r idrott och h\u00e4lsa. Till och med \u00e5rskurs 5 \u00e4r v\u00e5r str\u00e4van att ha n\u00e5gon form av r\u00f6relse varje dag. Under dessa \u00e5r samarbetar vi med idrottsf\u00f6reningar f\u00f6r att skapa intresse och nyfikenhet f\u00f6r idrott och h\u00e4lsa.\u00a0 V\u00e5ra elever f\u00e5r h\u00e4r prova p\u00e5 en m\u00e5ngfald av olika idrotter. Vi fokuserar p\u00e5 allsidighet, prova p\u00e5 och ha kul!  Fr\u00e5n och med \u00e5rskurs 6 finns m\u00f6jlighet att satsa extra p\u00e5 sin idrott p\u00e5 skoltid under ledning av idrottscoacher.  Flera av v\u00e5ra elever har blivit framg\u00e5ngsrika i sina f\u00f6reningar och i st\u00f6rre m\u00e4sterskap inom olika idrotter. V\u00e5r str\u00e4van \u00e4r framf\u00f6rallt att l\u00e4gga grunden till ett livsl\u00e5ngt intresse f\u00f6r idrott och h\u00e4lsa.","robots":{"index":"index","follow":"follow","max-snippet":"max-snippet:-1","max-image-preview":"max-image-preview:large","max-video-preview":"max-video-preview:-1"},"canonical":"https:\/\/www.prolympia.se\/jonkoping\/specialidrott\/","og_locale":"sv_SE","og_type":"article","og_title":"Specialidrott - Prolympia - J\u00f6nk\u00f6ping","og_description":"Specialidrott P\u00e5 Prolympia skapar vi f\u00f6ruts\u00e4ttningar f\u00f6r elever att n\u00e5 s\u00e5 l\u00e5ngt som m\u00f6jligt i sitt l\u00e4rande i kombination med m\u00f6jligheten att utvecklas inom sin idrott p\u00e5 skoltid. V\u00e5rt m\u00e5l \u00e4r att skapa ett livsl\u00e5ngt intresse f\u00f6r idrott och h\u00e4lsa. Till och med \u00e5rskurs 5 \u00e4r v\u00e5r str\u00e4van att ha n\u00e5gon form av r\u00f6relse varje dag. Under dessa \u00e5r samarbetar vi med idrottsf\u00f6reningar f\u00f6r att skapa intresse och nyfikenhet f\u00f6r idrott och h\u00e4lsa.\u00a0 V\u00e5ra elever f\u00e5r h\u00e4r prova p\u00e5 en m\u00e5ngfald av olika idrotter. Vi fokuserar p\u00e5 allsidighet, prova p\u00e5 och ha kul!  Fr\u00e5n och med \u00e5rskurs 6 finns m\u00f6jlighet att satsa extra p\u00e5 sin idrott p\u00e5 skoltid under ledning av idrottscoacher.  Flera av v\u00e5ra elever har blivit framg\u00e5ngsrika i sina f\u00f6reningar och i st\u00f6rre m\u00e4sterskap inom olika idrotter. V\u00e5r str\u00e4van \u00e4r framf\u00f6rallt att l\u00e4gga grunden till ett livsl\u00e5ngt intresse f\u00f6r idrott och h\u00e4lsa.","og_url":"https:\/\/www.prolympia.se\/jonkoping\/specialidrott\/","og_site_name":"Prolympia - J\u00f6nk\u00f6ping","article_modified_time":"2026-02-26T07:52:11+00:00","twitter_card":"summary_large_image","schema":{"@context":"https:\/\/schema.org","@graph":[{"@type":"WebPage","@id":"https:\/\/www.prolympia.se\/jonkoping\/specialidrott\/","url":"https:\/\/www.prolympia.se\/jonkoping\/specialidrott\/","name":"Specialidrott - Prolympia - J\u00f6nk\u00f6ping","isPartOf":{"@id":"https:\/\/www.prolympia.se\/jonkoping\/#website"},"datePublished":"2021-03-04T13:24:33+00:00","dateModified":"2026-02-26T07:52:11+00:00","description":"Specialidrott P\u00e5 Prolympia skapar vi f\u00f6ruts\u00e4ttningar f\u00f6r elever att n\u00e5 s\u00e5 l\u00e5ngt som m\u00f6jligt i sitt l\u00e4rande i kombination med m\u00f6jligheten att utvecklas inom sin idrott p\u00e5 skoltid. V\u00e5rt m\u00e5l \u00e4r att skapa ett livsl\u00e5ngt intresse f\u00f6r idrott och h\u00e4lsa. Till och med \u00e5rskurs 5 \u00e4r v\u00e5r str\u00e4van att ha n\u00e5gon form av r\u00f6relse varje dag. Under dessa \u00e5r samarbetar vi med idrottsf\u00f6reningar f\u00f6r att skapa intresse och nyfikenhet f\u00f6r idrott och h\u00e4lsa.\u00a0 V\u00e5ra elever f\u00e5r h\u00e4r prova p\u00e5 en m\u00e5ngfald av olika idrotter. Vi fokuserar p\u00e5 allsidighet, prova p\u00e5 och ha kul! Fr\u00e5n och med \u00e5rskurs 6 finns m\u00f6jlighet att satsa extra p\u00e5 sin idrott p\u00e5 skoltid under ledning av idrottscoacher. Flera av v\u00e5ra elever har blivit framg\u00e5ngsrika i sina f\u00f6reningar och i st\u00f6rre m\u00e4sterskap inom olika idrotter. V\u00e5r str\u00e4van \u00e4r framf\u00f6rallt att l\u00e4gga grunden till ett livsl\u00e5ngt intresse f\u00f6r idrott och h\u00e4lsa.","breadcrumb":{"@id":"https:\/\/www.prolympia.se\/jonkoping\/specialidrott\/#breadcrumb"},"inLanguage":"sv-SE","potentialAction":[{"@type":"ReadAction","target":["https:\/\/www.prolympia.se\/jonkoping\/specialidrott\/"]}]},{"@type":"BreadcrumbList","@id":"https:\/\/www.prolympia.se\/jonkoping\/specialidrott\/#breadcrumb","itemListElement":[{"@type":"ListItem","position":1,"name":"Hem","item":"https:\/\/www.prolympia.se\/jonkoping\/"},{"@type":"ListItem","position":2,"name":"Specialidrott"}]},{"@type":"WebSite","@id":"https:\/\/www.prolympia.se\/jonkoping\/#website","url":"https:\/\/www.prolympia.se\/jonkoping\/","name":"Prolympia - J\u00f6nk\u00f6ping","description":"Sveriges ledande idrottsskola","publisher":{"@id":"https:\/\/www.prolympia.se\/jonkoping\/#organization"},"potentialAction":[{"@type":"SearchAction","target":{"@type":"EntryPoint","urlTemplate":"https:\/\/www.prolympia.se\/jonkoping\/?s={search_term_string}"},"query-input":{"@type":"PropertyValueSpecification","valueRequired":true,"valueName":"search_term_string"}}],"inLanguage":"sv-SE"},{"@type":"Organization","@id":"https:\/\/www.prolympia.se\/jonkoping\/#organization","name":"Prolympia","url":"https:\/\/www.prolympia.se\/jonkoping\/","logo":{"@type":"ImageObject","inLanguage":"sv-SE","@id":"https:\/\/www.prolympia.se\/jonkoping\/#\/schema\/logo\/image\/","url":"https:\/\/www.prolympia.se\/jonkoping\/wp-content\/uploads\/sites\/2\/2021\/04\/icon-prolympia.png","contentUrl":"https:\/\/www.prolympia.se\/jonkoping\/wp-content\/uploads\/sites\/2\/2021\/04\/icon-prolympia.png","width":512,"height":512,"caption":"Prolympia"},"image":{"@id":"https:\/\/www.prolympia.se\/jonkoping\/#\/schema\/logo\/image\/"}}]}},"_links":{"self":[{"href":"https:\/\/www.prolympia.se\/jonkoping\/wp-json\/wp\/v2\/pages\/61","targetHints":{"allow":["GET"]}}],"collection":[{"href":"https:\/\/www.prolympia.se\/jonkoping\/wp-json\/wp\/v2\/pages"}],"about":[{"href":"https:\/\/www.prolympia.se\/jonkoping\/wp-json\/wp\/v2\/types\/page"}],"author":[{"embeddable":true,"href":"https:\/\/www.prolympia.se\/jonkoping\/wp-json\/wp\/v2\/users\/1"}],"replies":[{"embeddable":true,"href":"https:\/\/www.prolympia.se\/jonkoping\/wp-json\/wp\/v2\/comments?post=61"}],"version-history":[{"count":107,"href":"https:\/\/www.prolympia.se\/jonkoping\/wp-json\/wp\/v2\/pages\/61\/revisions"}],"predecessor-version":[{"id":18771,"href":"https:\/\/www.prolympia.se\/jonkoping\/wp-json\/wp\/v2\/pages\/61\/revisions\/18771"}],"wp:attachment":[{"href":"https:\/\/www.prolympia.se\/jonkoping\/wp-json\/wp\/v2\/media?parent=61"}],"curies":[{"name":"wp","href":"https:\/\/api.w.org\/{rel}","templated":true}]}}